{"id":48907,"date":"2019-07-28T23:06:55","date_gmt":"2019-07-28T23:06:55","guid":{"rendered":"https:\/\/rainengineering-sha.com\/?page_id=48907"},"modified":"2019-07-28T23:26:31","modified_gmt":"2019-07-28T23:26:31","slug":"partner","status":"publish","type":"page","link":"https:\/\/integrale-umweltheilung.com\/en\/partner\/","title":{"rendered":"Partner"},"content":{"rendered":"<p>[et_pb_section fb_built=&#8220;1&#8243; fullwidth=&#8220;on&#8220; disabled_on=&#8220;off|off|off&#8220; admin_label=&#8220;Hero&#8220; _builder_version=&#8220;3.22.3&#8243; background_color=&#8220;#1f1f1f&#8220; parallax=&#8220;on&#8220; custom_padding=&#8220;|||&#8220; transparent_background=&#8220;on&#8220;][et_pb_fullwidth_header title=&#8220;Partner&#8220; text_orientation=&#8220;center&#8220; scroll_down_icon_color=&#8220;#ffffff&#8220; scroll_down_icon_size=&#8220;32px&#8220; background_overlay_color=&#8220;rgba(31,31,31,0.85)&#8220; subhead_font_color=&#8220;#bebebe&#8220; _builder_version=&#8220;3.16&#8243; title_font=&#8220;Playfair Display||||&#8220; title_text_color=&#8220;#ffffff&#8220; title_font_size=&#8220;72px&#8220; title_line_height=&#8220;1.3em&#8220; title_line_height_last_edited=&#8220;off|desktop&#8220; content_font=&#8220;Montserrat||||&#8220; content_text_color=&#8220;#bfbfbf&#8220; content_font_size=&#8220;19px&#8220; content_line_height=&#8220;1.8em&#8220; subhead_font=&#8220;Montserrat||||&#8220; subhead_text_color=&#8220;#bebebe&#8220; subhead_line_height=&#8220;1.8em&#8220; background_color=&#8220;rgba(255,255,255,0)&#8220; background_image=&#8220;https:\/\/rainengineering-sha.com\/wp-content\/uploads\/2018\/08\/contact.jpg&#8220; parallax=&#8220;on&#8220; parallax_method=&#8220;on&#8220; custom_padding=&#8220;5%||5%|&#8220; animation_style=&#8220;zoom&#8220; animation_duration=&#8220;1500ms&#8220; animation_intensity_zoom=&#8220;4%&#8220; button_one_text_size__hover_enabled=&#8220;off&#8220; button_two_text_size__hover_enabled=&#8220;off&#8220; button_one_text_color__hover_enabled=&#8220;off&#8220; button_two_text_color__hover_enabled=&#8220;off&#8220; button_one_border_width__hover_enabled=&#8220;off&#8220; button_two_border_width__hover_enabled=&#8220;off&#8220; button_one_border_color__hover_enabled=&#8220;off&#8220; button_two_border_color__hover_enabled=&#8220;off&#8220; button_one_border_radius__hover_enabled=&#8220;off&#8220; button_two_border_radius__hover_enabled=&#8220;off&#8220; button_one_letter_spacing__hover_enabled=&#8220;off&#8220; button_two_letter_spacing__hover_enabled=&#8220;off&#8220; button_one_bg_color__hover_enabled=&#8220;off&#8220; button_two_bg_color__hover_enabled=&#8220;off&#8220;]<\/p>\n<p>INTERNATIONALES SHA-NETZWERK<\/p>\n<p>[\/et_pb_fullwidth_header][\/et_pb_section][et_pb_section fb_built=&#8220;1&#8243; background_color=&#8220;#f7f7f7&#8243; _builder_version=&#8220;3.22.7&#8243; custom_padding=&#8220;||27px|||&#8220;][et_pb_row _builder_version=&#8220;3.22.7&#8243;][et_pb_column type=&#8220;1_5&#8243; _builder_version=&#8220;3.22.7&#8243;][\/et_pb_column][et_pb_column type=&#8220;3_5&#8243; _builder_version=&#8220;3.22.7&#8243;][et_pb_text text_font_size=&#8220;16px&#8220; _builder_version=&#8220;3.22.7&#8243; text_font=&#8220;|600||on|||||&#8220;]<\/p>\n<p style=\"text-align: center;\">Wir sind in enger Partnerschaft mit namenhaften Unternehmen und rennomierten Pers\u00f6nlichkeiten. Austausch und Vernetzung auf seri\u00f6ser Ebene ist uns wichtig.<\/p>\n<p>[\/et_pb_text][\/et_pb_column][et_pb_column type=&#8220;1_5&#8243; _builder_version=&#8220;3.22.7&#8243;][\/et_pb_column][\/et_pb_row][\/et_pb_section][et_pb_section fb_built=&#8220;1&#8243; background_color=&#8220;#f7f7f7&#8243; _builder_version=&#8220;3.22.7&#8243; custom_padding=&#8220;||27px|||&#8220;][et_pb_row _builder_version=&#8220;3.22.7&#8243; custom_margin=&#8220;-43px|auto||auto||&#8220;][et_pb_column type=&#8220;4_4&#8243; _builder_version=&#8220;3.22.7&#8243;][et_pb_image src=&#8220;https:\/\/rainengineering-sha.com\/wp-content\/uploads\/2019\/07\/Screen-Shot-2019-07-29-at-00.52.31.png&#8220; _builder_version=&#8220;3.22.7&#8243; custom_margin=&#8220;-16px|||||&#8220;][\/et_pb_image][\/et_pb_column][\/et_pb_row][\/et_pb_section][et_pb_section fb_built=&#8220;1&#8243; admin_label=&#8220;Contact&#8220; _builder_version=&#8220;3.22.3&#8243; background_color=&#8220;rgba(0,0,0,0.03)&#8220; background_size=&#8220;initial&#8220; background_position=&#8220;top_left&#8220; custom_padding=&#8220;3px|0px|100px|0px||&#8220; top_divider_height=&#8220;64px&#8220; bottom_divider_style=&#8220;mountains2&#8243; bottom_divider_color=&#8220;#383838&#8243; bottom_divider_height=&#8220;66px&#8220; collapsed=&#8220;off&#8220;][et_pb_row custom_padding=&#8220;|||&#8220; custom_margin=&#8220;|||&#8220; background_color_2=&#8220;#ffffff&#8220; background_position_1=&#8220;top_left&#8220; background_position_2=&#8220;top_left&#8220; background_repeat_1=&#8220;no-repeat&#8220; background_repeat_2=&#8220;no-repeat&#8220; padding_top_2=&#8220;40px&#8220; padding_right_2=&#8220;40px&#8220; padding_bottom_2=&#8220;40px&#8220; padding_left_2=&#8220;40px&#8220; _builder_version=&#8220;3.22.3&#8243; background_size=&#8220;initial&#8220; background_position=&#8220;top_left&#8220; background_repeat=&#8220;repeat&#8220;][et_pb_column type=&#8220;2_3&#8243; _builder_version=&#8220;3.0.47&#8243;][et_pb_text _builder_version=&#8220;3.22.7&#8243; text_font=&#8220;Montserrat|on||on|&#8220; text_text_color=&#8220;#bfbfbf&#8220; text_letter_spacing=&#8220;2px&#8220; text_line_height=&#8220;1.3em&#8220; background_size=&#8220;initial&#8220; background_position=&#8220;top_left&#8220; background_repeat=&#8220;repeat&#8220; module_alignment=&#8220;center&#8220; custom_margin=&#8220;||12px|&#8220; custom_padding=&#8220;||3px|||&#8220; animation_style=&#8220;slide&#8220; animation_direction=&#8220;bottom&#8220; saved_tabs=&#8220;all&#8220; locked=&#8220;off&#8220;]<\/p>\n<p>Partner<\/p>\n<p>[\/et_pb_text][et_pb_divider divider_weight=&#8220;3px&#8220; _builder_version=&#8220;3.2&#8243; max_width=&#8220;60px&#8220; module_alignment=&#8220;left&#8220; custom_margin=&#8220;||10px|&#8220; saved_tabs=&#8220;all&#8220; locked=&#8220;off&#8220;][\/et_pb_divider][et_pb_text disabled_on=&#8220;on|on|off&#8220; _builder_version=&#8220;3.22.7&#8243; text_font=&#8220;||||&#8220; text_text_color=&#8220;#1f1f1f&#8220; header_font=&#8220;Playfair Display||||&#8220; header_text_color=&#8220;#1f1f1f&#8220; header_font_size=&#8220;48px&#8220; header_line_height=&#8220;1.3em&#8220; background_size=&#8220;initial&#8220; background_position=&#8220;top_left&#8220; background_repeat=&#8220;repeat&#8220;]<\/p>\n<h1>Werden Sie Teil einer starken Gemeinschaft<\/h1>\n<p>[\/et_pb_text][et_pb_text _builder_version=&#8220;3.22.7&#8243;]<\/p>\n<p>Profitieren Sie von der Kraft der Gemeinschaft! Mit mehr als 2.600 Handelspartnern ist die MHK Group einer der gr\u00f6\u00dften und erfolgreichsten Einkaufs- und Marketingverb\u00e4nde f\u00fcr den europ\u00e4ischen K\u00fcchen-, Bad- und M\u00f6belfachhandel.<\/p>\n<div id=\"c847\" class=\"csc-default\">\n<p class=\"bodytext\">F\u00fcr Erfolg gibt es gute Gr\u00fcnde. Die Erfolgsgeheimnisse der MHK Group teilen wir gerne mit Ihnen. Vielleicht entscheiden danach auch Sie sich, Teil des Erfolgs zu werden.<\/p>\n<p class=\"bodytext\">Erfahren Sie mehr \u00fcber:<\/p>\n<\/div>\n<div id=\"c880\" class=\"csc-default\">\n<ul class=\"csc-bulletlist csc-bulletlist-0\">\n<li class=\"odd\">Einkauf zu attraktiven Konditionen und Preisen<\/li>\n<li class=\"even\">Zentralregulierung mit 100% Delkredere<\/li>\n<li class=\"odd\">Attraktive Vermarktungskonzepte<\/li>\n<li class=\"even\">Hoch professionelle Werbung<\/li>\n<li class=\"odd\">Umfassende Beratung f\u00fcr den Erfolg<\/li>\n<li class=\"even\">Finanzdienstleistungen<\/li>\n<li class=\"odd\">MHK Kapitalvorsorge<\/li>\n<li class=\"even\">EDV \/ Neue Medien<\/li>\n<li class=\"odd\">Aus- und Weiterbildung<\/li>\n<li class=\"even\">Alles aus einer Hand von Experten<\/li>\n<\/ul>\n<div id=\"qx-text-4299\" class=\"qx-element qx-element-text \">\n<p>Intellus f\u00fchrt Kompetenzen aus verschiedensten Fachrichtungen wie z.B. der Medizintechnik, Elektrotechnik, Informatik oder aber auch der Gesundheits- und Sportwissenschaft zusammen und erm\u00f6glicht es den Akteuren, ihre technischen Forschungs- und Entwicklungsvorhaben schnell und zielgerichtet zu realisieren. Von der bewusst interdisziplin\u00e4r gew\u00e4hlten Ausrichtung profitieren alle beteiligten Netzwerkpartner. Der dadurch entstehende Technologie- und Wissenstransfer sichert insbesondere kleinen und mittleren Unternehmen (KMU) den Zugang zu technologischer Spitzenforschung.<\/p>\n<p>Durch die internationale Ausrichtung von Intellus, mit Partnern aus Deutschland, \u00d6sterreich und der Schweiz, erh\u00f6hen sich die Marktchancen und eine zielorientierte Umsetzung von technischen Innovationsprojekten wird erm\u00f6glicht. Intellus wird gef\u00f6rdert durch das technologie- und branchenoffene Zentrale Innovationsprogramm Mittelstand (ZIM) mit dem Ziel, die Innovationskraft und Wettbewerbsf\u00e4higkeit von kleinen und mittelst\u00e4ndischen Unternehmen nachhaltig zu unterst\u00fctzen.<\/p>\n<p>Nutzen Sie die Synergien von Intellus f\u00fcr Ihre innovative Produktentwicklung!<\/p>\n<\/div>\n<\/div>\n<p>[\/et_pb_text][\/et_pb_column][et_pb_column type=&#8220;1_3&#8243; _builder_version=&#8220;3.0.47&#8243;][et_pb_image src=&#8220;https:\/\/rainengineering-sha.com\/wp-content\/uploads\/2018\/08\/madjid-abdellaziz-2.jpg&#8220; _builder_version=&#8220;3.11.1&#8243; custom_margin=&#8220;|||&#8220; animation_style=&#8220;zoom&#8220; animation_intensity_zoom=&#8220;10%&#8220;][\/et_pb_image][et_pb_text _builder_version=&#8220;3.22.7&#8243; text_font=&#8220;Montserrat|on||on|&#8220; text_text_color=&#8220;#bfbfbf&#8220; text_letter_spacing=&#8220;2px&#8220; text_line_height=&#8220;1.3em&#8220; background_size=&#8220;initial&#8220; background_position=&#8220;top_left&#8220; background_repeat=&#8220;repeat&#8220; text_orientation=&#8220;center&#8220; module_alignment=&#8220;center&#8220; custom_margin=&#8220;||12px|&#8220; custom_padding=&#8220;|||&#8220; animation_style=&#8220;slide&#8220; animation_direction=&#8220;bottom&#8220; saved_tabs=&#8220;all&#8220; locked=&#8220;off&#8220;]<\/p>\n<p>Partnerschaft<\/p>\n<p>[\/et_pb_text][et_pb_text _builder_version=&#8220;3.11.1&#8243; text_font=&#8220;Montserrat||||||||&#8220; text_font_size=&#8220;15px&#8220; header_font=&#8220;Montserrat||||||||&#8220; text_orientation=&#8220;center&#8220;]<\/p>\n<p>Ich freue mich \u00fcber Ihre Nachricht und unterhalte mich gerne mit Ihnen \u00fcber eine Partnerschaft.<\/p>\n<p>[\/et_pb_text][\/et_pb_column][\/et_pb_row][\/et_pb_section][et_pb_section fb_built=&#8220;1&#8243; admin_label=&#8220;Contact Us&#8220; _builder_version=&#8220;3.22.3&#8243; background_color=&#8220;rgba(0,0,0,0.75)&#8220; background_image=&#8220;https:\/\/rainengineering-sha.com\/wp-content\/uploads\/2017\/05\/spirale.jpg&#8220; background_blend=&#8220;color&#8220; custom_padding=&#8220;100px|0px|100px|0px&#8220; bottom_divider_height=&#8220;57px&#8220; saved_tabs=&#8220;all&#8220; collapsed=&#8220;off&#8220;][et_pb_row custom_padding=&#8220;|||&#8220; custom_margin=&#8220;|||&#8220; make_equal=&#8220;on&#8220; background_color_1=&#8220;#1f1f1f&#8220; background_color_2=&#8220;#1f1f1f&#8220; padding_top_1=&#8220;100px&#8220; padding_top_2=&#8220;100px&#8220; padding_right_1=&#8220;5%&#8220; padding_right_2=&#8220;5%&#8220; padding_bottom_1=&#8220;100px&#8220; padding_bottom_2=&#8220;100px&#8220; padding_left_1=&#8220;5%&#8220; padding_left_2=&#8220;5%&#8220; _builder_version=&#8220;3.22.3&#8243; background_size=&#8220;initial&#8220; background_position=&#8220;top_left&#8220; background_repeat=&#8220;repeat&#8220; max_width=&#8220;1280px&#8220; use_custom_width=&#8220;on&#8220; custom_width_px=&#8220;1280px&#8220;][et_pb_column type=&#8220;4_4&#8243; _builder_version=&#8220;3.0.47&#8243;][et_pb_text _builder_version=&#8220;3.11.1&#8243; text_font=&#8220;Playfair Display||||&#8220; text_text_color=&#8220;#ffffff&#8220; text_font_size=&#8220;30px&#8220; text_line_height=&#8220;1.3em&#8220; background_size=&#8220;initial&#8220; background_position=&#8220;top_left&#8220; background_repeat=&#8220;repeat&#8220; text_orientation=&#8220;center&#8220; max_width=&#8220;400px&#8220; module_alignment=&#8220;center&#8220; custom_padding=&#8220;||0px|&#8220;]<\/p>\n<p>Newsletter<\/p>\n<p>[\/et_pb_text][et_pb_divider divider_weight=&#8220;2px&#8220; disabled_on=&#8220;on|on|off&#8220; _builder_version=&#8220;3.2&#8243; max_width=&#8220;400px&#8220; module_alignment=&#8220;center&#8220; height=&#8220;2px&#8220; custom_margin=&#8220;||0px|&#8220; custom_padding=&#8220;|||&#8220; animation_style=&#8220;zoom&#8220; animation_intensity_zoom=&#8220;20%&#8220;][\/et_pb_divider][et_pb_signup mailchimp_list=&#8220;F\u00f6rderverein Desert Greening &#8211; Integrale Umweltheilung|4e88c47afc&#8220; layout=&#8220;top_bottom&#8220; name_field=&#8220;on&#8220; name_fullwidth=&#8220;off&#8220; first_name_fullwidth=&#8220;off&#8220; last_name_fullwidth=&#8220;off&#8220; email_fullwidth=&#8220;off&#8220; success_message=&#8220;Willkommen in unserem Newsletter. Du has dich erfolgreich eingetragen!&#8220; description=&#8220;<br \/>\n&#8220; form_field_background_color=&#8220;#111111&#8243; form_field_text_color=&#8220;#ffffff&#8220; focus_background_color=&#8220;#111111&#8243; focus_text_color=&#8220;#ffffff&#8220; _builder_version=&#8220;3.16&#8243; header_font=&#8220;Montserrat||||&#8220; header_text_color=&#8220;#ffffff&#8220; header_font_size=&#8220;24px&#8220; header_line_height=&#8220;1.8em&#8220; body_font=&#8220;Montserrat||||&#8220; body_text_color=&#8220;rgba(255,255,255,0.8)&#8220; body_font_size=&#8220;17px&#8220; body_line_height=&#8220;1.8em&#8220; result_message_font=&#8220;||||||||&#8220; use_background_color=&#8220;off&#8220; custom_button=&#8220;on&#8220; button_text_size=&#8220;15px&#8220; button_text_color=&#8220;#ffffff&#8220; button_bg_color=&#8220;#c39d63&#8243; button_border_width=&#8220;3px&#8220; button_border_color=&#8220;#c39d63&#8243; button_border_radius=&#8220;0px&#8220; button_letter_spacing=&#8220;2px&#8220; button_font=&#8220;Montserrat|||on|&#8220; button_use_icon=&#8220;off&#8220; text_orientation=&#8220;center&#8220; custom_margin=&#8220;|||&#8220; custom_padding=&#8220;|||&#8220; button_border_radius_hover=&#8220;0px&#8220; button_letter_spacing_hover=&#8220;2px&#8220; button_text_size__hover_enabled=&#8220;off&#8220; button_one_text_size__hover_enabled=&#8220;off&#8220; button_two_text_size__hover_enabled=&#8220;off&#8220; button_text_color__hover_enabled=&#8220;off&#8220; button_one_text_color__hover_enabled=&#8220;off&#8220; button_two_text_color__hover_enabled=&#8220;off&#8220; button_border_width__hover_enabled=&#8220;off&#8220; button_one_border_width__hover_enabled=&#8220;off&#8220; button_two_border_width__hover_enabled=&#8220;off&#8220; button_border_color__hover_enabled=&#8220;off&#8220; button_one_border_color__hover_enabled=&#8220;off&#8220; button_two_border_color__hover_enabled=&#8220;off&#8220; button_border_radius__hover_enabled=&#8220;on&#8220; button_border_radius__hover=&#8220;0px&#8220; button_one_border_radius__hover_enabled=&#8220;off&#8220; button_two_border_radius__hover_enabled=&#8220;off&#8220; button_letter_spacing__hover_enabled=&#8220;on&#8220; button_letter_spacing__hover=&#8220;2px&#8220; button_one_letter_spacing__hover_enabled=&#8220;off&#8220; button_two_letter_spacing__hover_enabled=&#8220;off&#8220; button_bg_color__hover_enabled=&#8220;off&#8220; button_one_bg_color__hover_enabled=&#8220;off&#8220; button_two_bg_color__hover_enabled=&#8220;off&#8220;]Dialogue is an essential part of any script[\/et_pb_signup][\/et_pb_column][\/et_pb_row][\/et_pb_section][et_pb_section fb_built=&#8220;1&#8243; _builder_version=&#8220;3.22.3&#8243; background_color=&#8220;#000000&#8243; custom_margin=&#8220;||-9px|||&#8220; custom_padding=&#8220;0|0px|55.2px|0px|false|false&#8220; global_module=&#8220;48865&#8243;][et_pb_row custom_padding=&#8220;58px|||||&#8220; _builder_version=&#8220;3.22.3&#8243;][et_pb_column type=&#8220;4_4&#8243; _builder_version=&#8220;3.20.1&#8243;][et_pb_divider _builder_version=&#8220;3.20.1&#8243;][\/et_pb_divider][\/et_pb_column][\/et_pb_row][et_pb_row custom_padding=&#8220;25px|0px|25.6px|0px|false|false&#8220; _builder_version=&#8220;3.22.3&#8243;][et_pb_column type=&#8220;4_4&#8243; _builder_version=&#8220;3.0.47&#8243;][et_pb_text _builder_version=&#8220;3.22.7&#8243; text_font=&#8220;Montserrat|500||on|||||&#8220; text_text_color=&#8220;#c39d63&#8243; text_font_size=&#8220;15px&#8220; custom_margin=&#8220;-5px|||||&#8220;]<\/p>\n<p style=\"text-align: center;\">Zum Wohle der Natur und der Menschheit &#8211; Rainenginering-SHA<\/p>\n<p>[\/et_pb_text][et_pb_text _builder_version=&#8220;3.22.7&#8243; text_font=&#8220;Montserrat|500|||||||&#8220; text_text_color=&#8220;#c39d63&#8243; text_font_size=&#8220;16px&#8220; text_orientation=&#8220;center&#8220; custom_margin=&#8220;||21px|||&#8220;]info@rainengineering-sha.com[\/et_pb_text][et_pb_text _builder_version=&#8220;3.22.7&#8243; text_font=&#8220;Montserrat|500|||||||&#8220; text_font_size=&#8220;13px&#8220; custom_margin=&#8220;||21px|||&#8220;]<\/p>\n<p style=\"text-align: center;\"><span style=\"color: #999999;\"><a href=\"https:\/\/rainengineering-sha.com\/impressum\/\" style=\"color: #999999;\">IMPRESSUM<\/a> \/ <a href=\"https:\/\/rainengineering-sha.com\/agb\/\" style=\"color: #999999;\">AGB<\/a> \/ <\/span><a href=\"https:\/\/rainengineering-sha.com\/datenschutzerklaerung\"><span style=\"color: #999999;\">DATENSCHUTZERKL\u00c4RUNG<\/span><\/a><\/p>\n<p>[\/et_pb_text][et_pb_text _builder_version=&#8220;3.22.7&#8243; text_font=&#8220;Montserrat|500|||||||&#8220; text_font_size=&#8220;13px&#8220; text_orientation=&#8220;center&#8220; custom_margin=&#8220;||21px|||&#8220;]ALL RIGHTS RESERVED 2019[\/et_pb_text][et_pb_social_media_follow _builder_version=&#8220;3.20.1&#8243; text_orientation=&#8220;center&#8220;][et_pb_social_media_follow_network social_network=&#8220;facebook&#8220; url=&#8220;https:\/\/www.facebook.com\/desert.greening.djanan\/&#8220; _builder_version=&#8220;3.20.1&#8243; background_color=&#8220;#3b5998&#8243; follow_button=&#8220;off&#8220; url_new_window=&#8220;on&#8220;]facebook[\/et_pb_social_media_follow_network][et_pb_social_media_follow_network social_network=&#8220;youtube&#8220; url=&#8220;https:\/\/www.youtube.com\/channel\/UC2Wllid9I7L74-ZtL_i1pag&#8220; _builder_version=&#8220;3.20.1&#8243; background_color=&#8220;#a82400&#8243; follow_button=&#8220;off&#8220; url_new_window=&#8220;on&#8220;]youtube[\/et_pb_social_media_follow_network][et_pb_social_media_follow_network social_network=&#8220;instagram&#8220; url=&#8220;https:\/\/www.instagram.com\/dipl.ing.madjid\/&#8220; _builder_version=&#8220;3.20.1&#8243; background_color=&#8220;#ea2c59&#8243; follow_button=&#8220;off&#8220; url_new_window=&#8220;on&#8220;]instagram[\/et_pb_social_media_follow_network][\/et_pb_social_media_follow][\/et_pb_column][\/et_pb_row][\/et_pb_section]<\/p>\n","protected":false},"excerpt":{"rendered":"<p>INTERNATIONALES SHA-NETZWERKWir sind in enger Partnerschaft mit namenhaften Unternehmen und rennomierten Pers\u00f6nlichkeiten. Austausch und Vernetzung auf seri\u00f6ser Ebene ist uns wichtig. PartnerWerden Sie Teil einer starken GemeinschaftProfitieren Sie von der Kraft der Gemeinschaft! Mit mehr als 2.600 Handelspartnern ist die MHK Group einer der gr\u00f6\u00dften und erfolgreichsten Einkaufs- und Marketingverb\u00e4nde f\u00fcr den europ\u00e4ischen K\u00fcchen-, Bad- [&hellip;]<\/p>\n","protected":false},"author":1,"featured_media":0,"parent":0,"menu_order":0,"comment_status":"closed","ping_status":"closed","template":"","meta":{"give_campaign_id":0,"_et_pb_use_builder":"on","_et_pb_old_content":"","_et_gb_content_width":"","content-type":"","footnotes":""},"class_list":["post-48907","page","type-page","status-publish","hentry"],"campaignId":"","_links":{"self":[{"href":"https:\/\/integrale-umweltheilung.com\/en\/wp-json\/wp\/v2\/pages\/48907","targetHints":{"allow":["GET"]}}],"collection":[{"href":"https:\/\/integrale-umweltheilung.com\/en\/wp-json\/wp\/v2\/pages"}],"about":[{"href":"https:\/\/integrale-umweltheilung.com\/en\/wp-json\/wp\/v2\/types\/page"}],"author":[{"embeddable":true,"href":"https:\/\/integrale-umweltheilung.com\/en\/wp-json\/wp\/v2\/users\/1"}],"replies":[{"embeddable":true,"href":"https:\/\/integrale-umweltheilung.com\/en\/wp-json\/wp\/v2\/comments?post=48907"}],"version-history":[{"count":0,"href":"https:\/\/integrale-umweltheilung.com\/en\/wp-json\/wp\/v2\/pages\/48907\/revisions"}],"wp:attachment":[{"href":"https:\/\/integrale-umweltheilung.com\/en\/wp-json\/wp\/v2\/media?parent=48907"}],"curies":[{"name":"wp","href":"https:\/\/api.w.org\/{rel}","templated":true}]}}